{"id":27085,"date":"2024-01-11T11:41:24","date_gmt":"2024-01-11T11:41:24","guid":{"rendered":"https:\/\/blogs.visaliv.com\/?page_id=27085"},"modified":"2024-04-01T08:56:39","modified_gmt":"2024-04-01T08:56:39","slug":"shortage-occupation-list","status":"publish","type":"page","link":"https:\/\/visaliv.com\/blogs\/austria\/shortage-occupation-list\/","title":{"rendered":"Shortage Occupation List"},"content":{"rendered":"<p>[vc_row content_width=&#8221;full-desktop&#8221; el_class=&#8221;padd50&#8243; el_id=&#8221;visark1&#8243;][vc_column el_class=&#8221;lftdata1&#8243; width=&#8221;1\/4&#8243;][vc_column_text el_class=&#8221;digip1,visaty2&#8243;]<\/p>\n<h4>Visa Types<\/h4>\n<ul>\n<li><a href=\"https:\/\/blogs.visaliv.com\/austria\/visitor-visa\/\">Visitor Visa <\/a><\/li>\n<li><a href=\"https:\/\/blogs.visaliv.com\/austria\/student-visa\/\">Student Visa<\/a><\/li>\n<li><a href=\"https:\/\/blogs.visaliv.com\/austria\/work-visa\/\">Work Visa<\/a><\/li>\n<li><a href=\"https:\/\/blogs.visaliv.com\/austria\/permanent-residency-visa\/\">Permanent Residency<\/a><\/li>\n<\/ul>\n<p>[\/vc_column_text][vc_column_text el_class=&#8221;digip1&#8243;]<\/p>\n<h4>VFS Global Austria<\/h4>\n<ul>\n<li><a href=\"https:\/\/blogs.visaliv.com\/austria\/find-a-center\/\">Find a center<\/a><\/li>\n<li><a href=\"https:\/\/blogs.visaliv.com\/austria\/biometric-appointments\/\">Biometric Appointments<\/a><\/li>\n<li><a href=\"https:\/\/blogs.visaliv.com\/austria\/additional-services\/\">Additional Services<\/a><\/li>\n<li><a href=\"https:\/\/blogs.visaliv.com\/austria\/visa-at-your-doorstep\/\">Visa At Your Doorstep<\/a><\/li>\n<li><a href=\"https:\/\/blogs.visaliv.com\/austria\/chat-now\/\">Chat Now<\/a><\/li>\n<li><a href=\"https:\/\/blogs.visaliv.com\/austria\/collect-your-passport\/\">Collect Your Passport<\/a><\/li>\n<li><a href=\"https:\/\/blogs.visaliv.com\/austria\/track-an-application\/\">Track an Application<\/a><\/li>\n<\/ul>\n<p>[\/vc_column_text][vc_column_text el_class=&#8221;digip1&#8243;]<\/p>\n<h4>Quick Links<\/h4>\n<ul>\n<li><a href=\"https:\/\/blogs.visaliv.com\/austria\/consulates-in-india\/\">Consulates in India<\/a><\/li>\n<li><a href=\"https:\/\/blogs.visaliv.com\/austria\/faqs-austria\/\">FAQ&#8217;s Austria<\/a><\/li>\n<li class=\"active\"><a href=\"https:\/\/blogs.visaliv.com\/austria\/shortage-occupation-list\/\">Shortage Occupation List<\/a><\/li>\n<\/ul>\n<p>[\/vc_column_text][vc_column_text el_class=&#8221;digip1&#8243;]<\/p>\n<h4>Important Links<br \/>\n<span style=\"font-size: 12px;\">(Ministry of External Affairs, India)<\/span><\/h4>\n<ul>\n<li><a href=\"https:\/\/blogs.visaliv.com\/austria\/online-indian-visa\/\">Online Indian Visa<\/a><\/li>\n<li><a href=\"https:\/\/blogs.visaliv.com\/austria\/diplomatic-offical-visa-india\/\">Diplomatic Official Visa(India)<\/a><\/li>\n<li><a href=\"https:\/\/blogs.visaliv.com\/austria\/e-visa-india\/\">E-Visa (India)<\/a><\/li>\n<li><a href=\"https:\/\/blogs.visaliv.com\/austria\/verify-foreign-visa-permit-cdcs\/\">Verify Foreign<br \/>\nVisa\/Permit\/CDCs<\/a><\/li>\n<li><a href=\"https:\/\/blogs.visaliv.com\/austria\/visa-free-visa-on-arrival\/\">Visa Free\/Visa on Arrival<\/a><\/li>\n<li><a href=\"https:\/\/blogs.visaliv.com\/austria\/regd-manpower-agencies\/\">Regd.Manpower Agencies<\/a><\/li>\n<\/ul>\n<p>[\/vc_column_text][vc_column_text el_class=&#8221;digip1&#8243;]<\/p>\n<h4>Tourist Place<\/h4>\n<ul>\n<li><a href=\"https:\/\/blogs.visaliv.com\/austria\/austria-tourist-places\/\">Austria Tourist Places<\/a><\/li>\n<\/ul>\n<p>[\/vc_column_text][vc_tta_accordion title_tag=&#8221;h4&#8243; active_section=&#8221;0&#8243; el_class=&#8221;visaturt22&#8243; no_fill=&#8221;true&#8221; collapsible_all=&#8221;true&#8221; title=&#8221;Video Tutorials&#8221;][vc_tta_section title=&#8221;Video Tutorials in English&#8221; tab_id=&#8221;1679568362973-7a967649-58ae&#8221;][vc_row_inner][vc_column_inner][vc_column_text]<\/p>\n<ul>\n<li><a href=\"https:\/\/www.youtube.com\/watch?v=vJCvxQ2psFk\" target=\"_blank\" rel=\"noopener\">Introduction VisaLiv <\/a><\/li>\n<\/ul>\n<p>[\/vc_column_text][\/vc_column_inner][\/vc_row_inner][\/vc_tta_section][vc_tta_section title=&#8221;Video Tutorials in Hindi&#8221; tab_id=&#8221;1679568438189-3477c5e4-c685&#8243;][vc_row_inner][vc_column_inner][vc_column_text]<\/p>\n<ul>\n<li><a href=\"https:\/\/www.youtube.com\/watch?v=bI6vl3z9TyQ\" target=\"_blank\" rel=\"noopener\">Introduction VisaLiv <\/a><\/li>\n<\/ul>\n<p>[\/vc_column_text][\/vc_column_inner][\/vc_row_inner][\/vc_tta_section][\/vc_tta_accordion][\/vc_column][vc_column el_class=&#8221;boxshadowrk1&#8243; width=&#8221;1\/2&#8243;][vc_row_inner el_id=&#8221;additionalser22&#8243;][vc_column_inner el_class=&#8221;appointmenttxt1&#8243;][vc_column_text]<\/p>\n<h5 style=\"color: #040d83;\">Shortage Occupation List<\/h5>\n<p>Occupations facing a shortage nationwide in Austria for the year 2024 include the following:<\/p>\n<table>\n<tbody>\n<tr>\n<td width=\"1217\">1. Graduates in power engineering (DiplomingenieurInnen f\u00fcr Starkstromtechnik)<\/td>\n<\/tr>\n<tr>\n<td width=\"1217\">2. Technicians with a higher level of training (engineers) for power engineering technology (TechnikerInnen mit h\u00f6herer Ausbildung (Ing.) f\u00fcr Starkstromtechnik)<\/td>\n<\/tr>\n<tr>\n<td width=\"1217\">3. Special(ist) power engineers (TechnikerInnen f\u00fcr Starkstromtechnik)<\/td>\n<\/tr>\n<tr>\n<td width=\"1217\">4. Engineers for agricultural machinery (LandmaschinenbauerInnen)<\/td>\n<\/tr>\n<tr>\n<td width=\"1217\">5. Technicians with a higher level of training (engineers) for mechanical engineering (TechnikerInnen mit h\u00f6herer Ausbildung (Ing.) f\u00fcr Maschinenbau)<\/td>\n<\/tr>\n<tr>\n<td width=\"1217\">6. Technicians with a higher level of training (engineers) for data processing (TechnikerInnen mit h\u00f6herer Ausbildung (Ing.) f\u00fcr Datenverarbeitung)<\/td>\n<\/tr>\n<tr>\n<td width=\"1217\">7. Roofers (DachdeckerInnen)<\/td>\n<\/tr>\n<tr>\n<td width=\"1217\">8. Graduates in weak-current and telecommunications engineering (DiplomingenieurInnen f\u00fcr Schwachstrom- und Nachrichtentechnik)<\/td>\n<\/tr>\n<tr>\n<td width=\"1217\">9. Milling machinists (Fr\u00e4serInnen)<\/td>\n<\/tr>\n<tr>\n<td width=\"1217\">10. Cost accountants (Kalkulanten\/Kalkulantinnen)<\/td>\n<\/tr>\n<tr>\n<td width=\"1217\">11. Technicians for fuel and gas technology (Sonstige TechnikerInnen f\u00fcr Feuerungs- und Gastechnik)<\/td>\n<\/tr>\n<tr>\n<td width=\"1217\">12. Graduate nurses (Dipl. Gesundheits- und KrankenpflegerInnen)<\/td>\n<\/tr>\n<tr>\n<td width=\"1217\">13. Metal turners (DreherInnen)<\/td>\n<\/tr>\n<tr>\n<td width=\"1217\">14. Black toppers (SchwarzdeckerInnen)<\/td>\n<\/tr>\n<tr>\n<td width=\"1217\">15. Graduate mechanical engineers (DiplomingenieurInnen f\u00fcr Maschinenbau)<\/td>\n<\/tr>\n<tr>\n<td width=\"1217\">16. Graduate engineers for data processing (DiplomingenieurInnen f\u00fcr Datenverarbeitung)<\/td>\n<\/tr>\n<tr>\n<td width=\"1217\">17. Electrical installers, electrical fitters (Elektroinstallateure\/Elektroinstallateurinnen, Elektromonteure\/Elektromonteurinnen)<\/td>\n<\/tr>\n<tr>\n<td width=\"1217\">18. Specialist technicians for mechanical engineering (TechnikerInnen f\u00fcr Maschinenbau)<\/td>\n<\/tr>\n<tr>\n<td width=\"1217\">19. Special graduate engineers (TechnikerInnen mit h\u00f6herer Ausbildung (Ing.), soweit nicht anderweitig eingeordnet)<\/td>\n<\/tr>\n<tr>\n<td width=\"1217\">20. Welders, cutting torch operators (Schwei\u00dferInnen, SchneidbrennerInnen)<\/td>\n<\/tr>\n<tr>\n<td width=\"1217\">21. Special fitters (SpenglerInnen)<\/td>\n<\/tr>\n<tr>\n<td width=\"1217\">22. Pipe installers, pipe fitters (Rohrinstallateure\/Rohrinstallateurinnen, Rohrmonteure\/Rohrmonteurinnen)<\/td>\n<\/tr>\n<tr>\n<td width=\"1217\">23. Ophthalmic opticians (AugenoptikerInnen)<\/td>\n<\/tr>\n<tr>\n<td width=\"1217\">24. Special fitters (SchlosserInnen)<\/td>\n<\/tr>\n<tr>\n<td width=\"1217\">25. Physicians (\u00c4rzte\/\u00c4rztinnen)<\/td>\n<\/tr>\n<tr>\n<td width=\"1217\">26. Graduate engineers &#8211; special professions (DiplomingenieurInnen, soweit nicht anderweitig eingeordnet)<\/td>\n<\/tr>\n<tr>\n<td width=\"1217\">27. Train drivers, locomotive drivers, locomotive stokers (Triebfahrzeugf\u00fchrerInnen)<\/td>\n<\/tr>\n<tr>\n<td width=\"1217\">28. Varnishers (LackiererInnen)<\/td>\n<\/tr>\n<tr>\n<td width=\"1217\">29. Motor vehicle mechanics (KraftfahrzeugmechanikerInnen)<\/td>\n<\/tr>\n<tr>\n<td width=\"1217\">30. Special technicians for low voltage engineering and communication engineering (TechnikerInnen f\u00fcr Schwachstrom- und Nachrichtentechnik)<\/td>\n<\/tr>\n<tr>\n<td width=\"1217\">31. Special technicians in business administration (TechnikerInnen f\u00fcr Wirtschaftswesen)<\/td>\n<\/tr>\n<tr>\n<td width=\"1217\">32. Medical technology specialists (Medizinisch-technische Fachkr\u00e4fte)<\/td>\n<\/tr>\n<tr>\n<td width=\"1217\">33. Certified public accountants (Wirtschaftstreuh\u00e4nderInnen)<\/td>\n<\/tr>\n<tr>\n<td width=\"1217\">34. Carpenters (Zimmerer\/Zimmerinnen)<\/td>\n<\/tr>\n<tr>\n<td width=\"1217\">35. Technicians with a higher education (engineer) for civil engineering (TechnikerInnen mit h\u00f6herer Ausbildung (Ing.) f\u00fcr Bauwesen)<\/td>\n<\/tr>\n<tr>\n<td width=\"1217\">36. Special technicians (TechnikerInnen, soweit nicht anderweitig eingeordnet)<\/td>\n<\/tr>\n<tr>\n<td width=\"1217\">37. Payroll accountants (Lohn-, GehaltsverrechnerInnen)<\/td>\n<\/tr>\n<tr>\n<td width=\"1217\">38. Construction joiners (BautischlerInnen)<\/td>\n<\/tr>\n<tr>\n<td width=\"1217\">39. Building plumbers (BauspenglerInnen)<\/td>\n<\/tr>\n<tr>\n<td width=\"1217\">40. Construction and furniture joiners (Bau- und M\u00f6beltischlerInnen)<\/td>\n<\/tr>\n<tr>\n<td width=\"1217\">41. Machine fitters (MaschinenschlosserInnen)<\/td>\n<\/tr>\n<tr>\n<td width=\"1217\">42. Vehicle body and radiator sheet metal workers (Karosserie-, K\u00fchlerspenglerInnen)<\/td>\n<\/tr>\n<tr>\n<td width=\"1217\">43. Blacksmiths and carriage builders (Huf- und Wagenschmiede\/Huf- und Wagenschmiedinnen)<\/td>\n<\/tr>\n<tr>\n<td width=\"1217\">44. Pavers (Pflasterer\/Pflasterinnen)<\/td>\n<\/tr>\n<tr>\n<td width=\"1217\">45. Technicians with a higher education (engineer) in business administration (TechnikerInnen mit h\u00f6herer Ausbildung (Ing.) f\u00fcr Wirtschaftswesen)<\/td>\n<\/tr>\n<tr>\n<td width=\"1217\">46. Retailers and sales clerks for iron and metal goods, domestic and kitchen appliances (H\u00e4ndlerInnen und Verk\u00e4uferInnen von Eisen- und Metallwaren, Maschinen, Haushalts- und K\u00fcchenger\u00e4te)<\/td>\n<\/tr>\n<tr>\n<td width=\"1217\">47. Engineers \/ technicians for rough mechanicals (GrobmechanikerInnen)<\/td>\n<\/tr>\n<tr>\n<td width=\"1217\">48. Electrical mechanics (ElektromechanikerInnen)<\/td>\n<\/tr>\n<tr>\n<td width=\"1217\">49. Graduates in business administration (DiplomingenieurInnen f\u00fcr Wirtschaftswesen)<\/td>\n<\/tr>\n<tr>\n<td width=\"1217\">50. Building fitters, sheet metal fitters, construction fitters (Bau-, Blech-, KonstruktionsschlosserInnen)<\/td>\n<\/tr>\n<tr>\n<td width=\"1217\">51. Concrete fitters (BetonbauerInnen)<\/td>\n<\/tr>\n<tr>\n<td width=\"1217\">52. Midwives (Hebammen)<\/td>\n<\/tr>\n<tr>\n<td width=\"1217\">53. Technicians for weak-current and telecommunications engineering (TechnikerInnen mit h\u00f6herer Ausbildung (Ing.) f\u00fcr Schwachstrom- und Nachrichtentechnik)<\/td>\n<\/tr>\n<tr>\n<td width=\"1217\">54. Butchers (FleischerInnen)<\/td>\n<\/tr>\n<tr>\n<td width=\"1217\">55. Plastics processors (KunststoffverarbeiterInnen)<\/td>\n<\/tr>\n<tr>\n<td width=\"1217\">56. Physical-technical Special Professions (Physikalisch-technische Sonderberufe)<\/td>\n<\/tr>\n<tr>\n<td width=\"1217\">57. Accountants (BuchhalterInnen)<\/td>\n<\/tr>\n<tr>\n<td width=\"1217\">58. Restaurant chefs (Gastst\u00e4ttenk\u00f6che\/Gastst\u00e4ttenk\u00f6chinnen)<\/td>\n<\/tr>\n<tr>\n<td width=\"1217\">59. Special(ist) technicians for data processing (TechnikerInnen f\u00fcr Datenverarbeitung)<\/td>\n<\/tr>\n<tr>\n<td width=\"1217\">60. Toolmakers, cutters and punchmakers (Werkzeug-, Schnitt- und StanzenmacherInnen)<\/td>\n<\/tr>\n<tr>\n<td width=\"1217\">61. Floor and wall tilers (Platten-, FliesenlegerInnen)<\/td>\n<\/tr>\n<tr>\n<td width=\"1217\">62. Stove fitters, potters, stove makers (HafnerInnen, T\u00f6pferInnen, OfensetzerInnen)<\/td>\n<\/tr>\n<tr>\n<td width=\"1217\">63. Procurement managers (Eink\u00e4uferInnen)<\/td>\n<\/tr>\n<tr>\n<td width=\"1217\">64. Construction joiners (BodenlegerInnen)<\/td>\n<\/tr>\n<tr>\n<td width=\"1217\">65. Department store sales clerks (Warenhausverk\u00e4uferInnen)<\/td>\n<\/tr>\n<tr>\n<td width=\"1217\">66. civil engineering specialists (TiefbauerInnen)<\/td>\n<\/tr>\n<tr>\n<td width=\"1217\">67. Chimney sweepers (RauchfangkehrerInnen)<\/td>\n<\/tr>\n<tr>\n<td width=\"1217\">68. Special technicians for civil engineering (TechnikerInnen f\u00fcr Bauwesen)<\/td>\n<\/tr>\n<tr>\n<td width=\"1217\">69. Automat and machine operators\/adjusters (Automaten-, MaschineneinrichterInnen, -monterierInnen)<\/td>\n<\/tr>\n<tr>\n<td width=\"1217\">70. Retailers and sales clerks of perfumes, washing and houshold articles, paints, varnishes (H\u00e4ndlerInnen, Verk\u00e4uferInnen von Parf\u00fcmerien, Wasch-, Haushaltsartikeln, Farben, Lacken)<\/td>\n<\/tr>\n<tr>\n<td width=\"1217\">71. Florists, flower arrangers (NaturblumenbinderInnen)<\/td>\n<\/tr>\n<tr>\n<td width=\"1217\">72. Wood machine workers (HolzmaschinenarbeiterInnen)<\/td>\n<\/tr>\n<tr>\n<td width=\"1217\">73. Confectioners (Zuckerb\u00e4ckerInnen)<\/td>\n<\/tr>\n<tr>\n<td width=\"1217\">74. Special railroad professions (Bahnberufe anderer Art)<\/td>\n<\/tr>\n<tr>\n<td width=\"1217\">75. Estate managers, other hotel and restaurant professionals, residence managers (Wirtschafter\/innen, andere Hotel-, Gastst\u00e4ttenfachleute, Heimverwalter\/innen)<\/td>\n<\/tr>\n<tr>\n<td width=\"1217\">76. Forwarding specialists (Speditionsfachleute)<\/td>\n<\/tr>\n<tr>\n<td width=\"1217\">77. Denture technicians (ZahnprothesenmacherInnen)<\/td>\n<\/tr>\n<tr>\n<td width=\"1217\">78. Billing clerks, billing accountants (Fakturisten\/FakturistInnen, AbrechnerInnen)<\/td>\n<\/tr>\n<tr>\n<td width=\"1217\">79. Graduate Engineers for Engineering Physics, Physicists (DiplomingenieurInnen f\u00fcr technische Physik, PhysikerInnen)<\/td>\n<\/tr>\n<tr>\n<td width=\"1217\">80. Special technicians for surveying (TechnikerInnen f\u00fcr Vermessungswesen)<\/td>\n<\/tr>\n<tr>\n<td width=\"1217\">81. Electric professions (Elektroberufe)<\/td>\n<\/tr>\n<tr>\n<td width=\"1217\">82. Professions in mechanical metal working (Berufe der maschinellen Metallbearbeitung)<\/td>\n<\/tr>\n<tr>\n<td width=\"1217\">83. Coffee product makers and other food manufacturers (Kaffeemittel-, andere NahrungsmittelherstellerInnen)<\/td>\n<\/tr>\n<tr>\n<td width=\"1217\">84. Graduate civil engineers (DiplomingenieurInnen f\u00fcr Bauwesen)<\/td>\n<\/tr>\n<tr>\n<td width=\"1217\">85. Bricklayers (MaurerInnen)<\/td>\n<\/tr>\n<tr>\n<td width=\"1217\">86. Bakers (B\u00e4ckerInnen)<\/td>\n<\/tr>\n<tr>\n<td width=\"1217\">87. Childcare-Workers (ErzieherInnen)<\/td>\n<\/tr>\n<tr>\n<td width=\"1217\">88. Manufacturers of metal goods, assembly workers (MetallwarenmacherInnen, -montiererInnen)<\/td>\n<\/tr>\n<tr>\n<td width=\"1217\">89. Non-Graduate Nurse Practitioners and Related Professions (Nicht diplomierte KrankenpflegerInnen und verwandte Berufe)<\/td>\n<\/tr>\n<tr>\n<td width=\"1217\">90. Social scientists, economists, scientific statisticians (Sozial-, WirtschaftswissenschafterInnen, wissenschaftliche StatistikerInnen)<\/td>\n<\/tr>\n<tr>\n<td width=\"1217\">91. Glaziers (GlaserInnen)<\/td>\n<\/tr>\n<tr>\n<td width=\"1217\">92. Track layers (GleisbauerInnen)<\/td>\n<\/tr>\n<tr>\n<td width=\"1217\">93. Hairdressers, make-up artists (Friseure\/Friseurinnen, MaskenbildnerInnen)<\/td>\n<\/tr>\n<tr>\n<td width=\"1217\">94. Painters, house painters (MalerInnen, AnstreicherInnen)<\/td>\n<\/tr>\n<tr>\n<td width=\"1217\">95. Technical draftsmen (Technische ZeichnerInnen)<\/td>\n<\/tr>\n<tr>\n<td width=\"1217\">96. Cosmeticians, manicurists and pedicurists (KosmetikerInnen, Hand-, Fu\u00dfpflegerInnen)<\/td>\n<\/tr>\n<tr>\n<td width=\"1217\">97. Insurance agents \/representatives (VersicherungsvermittlerInnen, -vertreterInnen)<\/td>\n<\/tr>\n<tr>\n<td width=\"1217\">98. Dietitian (Di\u00e4tologen\/Di\u00e4tologinnen)<\/td>\n<\/tr>\n<tr>\n<td width=\"1217\">99. Stone masons, stone sculptors (Steinmetzen\/Steinmetzinnen, SteinbildhauerInnen)<\/td>\n<\/tr>\n<tr>\n<td width=\"1217\">100. Conductors and train supervisors (Zugf\u00fchrerInnen, ZugschaffnerInnen)<\/td>\n<\/tr>\n<tr>\n<td width=\"1217\">101. Masseurs, masseuses (Masseure\/Masseurinnen)<\/td>\n<\/tr>\n<tr>\n<td width=\"1217\">102. Furniture makers (M\u00f6beltischlerInnen)<\/td>\n<\/tr>\n<tr>\n<td width=\"1217\">103. Warehouse and storage experts, expedients (Magazin-, Lagerfachleute, Expedienten\/Expedientinnen)<\/td>\n<\/tr>\n<tr>\n<td width=\"1217\">104. Business managers \/ administrators (WirtschaftsverwalterInnen)<\/td>\n<\/tr>\n<tr>\n<td width=\"1217\">105. Graduate Engineers for Technical Chemistry, Chemists (DiplomingenieurInnen f\u00fcr technische Chemie, ChemikerInnen)<\/td>\n<\/tr>\n<tr>\n<td width=\"1217\">106. Welfare workers, social workers (F\u00fcrsorgerInnen, SozialarbeiterInnen)<\/td>\n<\/tr>\n<tr>\n<td width=\"1217\">107. Bus drivers (AutobuslenkerInnen)<\/td>\n<\/tr>\n<tr>\n<td width=\"1217\">108. School bus drivers (SchulbusfahrerInnen)<\/td>\n<\/tr>\n<tr>\n<td width=\"1217\">109. Professional truck drivers (BerufskraftfahrerInnen &#8211; Personenbef\u00f6rderung)<\/td>\n<\/tr>\n<tr>\n<td width=\"1217\">110. Tram drivers (Stra\u00dfenbahnwagenf\u00fchrerInnen)<\/td>\n<\/tr>\n<\/tbody>\n<\/table>\n<p>[\/vc_column_text][\/vc_column_inner][\/vc_row_inner][\/vc_column][vc_column el_class=&#8221;visarighq1&#8243; width=&#8221;1\/4&#8243;][vc_tta_accordion title_tag=&#8221;h4&#8243; active_section=&#8221;1&#8243; el_class=&#8221;vidri33&#8243; title=&#8221;Video Tutorials&#8221;][vc_tta_section title=&#8221;In English&#8221; tab_id=&#8221;1680777647640-37d3345e-e755&#8243;][vc_video link=&#8221;https:\/\/www.youtube.com\/watch?v=vJCvxQ2psFk&#8221;][\/vc_tta_section][vc_tta_section title=&#8221;In Hindi&#8221; tab_id=&#8221;1680777675656-ba0dd7b1-da83&#8243;][vc_video link=&#8221;https:\/\/www.youtube.com\/watch?v=bI6vl3z9TyQ&#8221;][\/vc_tta_section][\/vc_tta_accordion][vc_row_inner el_class=&#8221;visarh22&#8243;][vc_column_inner][vc_column_text el_class=&#8221;visanews1&#8243;]<\/p>\n<h4>Latest News<\/h4>\n<p>[\/vc_column_text][gsf_posts post_layout=&#8221;list&#8221; category=&#8221;news&#8221; posts_per_page=&#8221;4&#8243; post_paging=&#8221;none&#8221; post_animation=&#8221;&#8221; ids=&#8221;&#8221;][\/vc_column_inner][\/vc_row_inner][\/vc_column][\/vc_row][vc_row][vc_column][vc_raw_html]JTNDaW5wdXQlMjB0eXBlJTNEJTIyaGlkZGVuJTIyJTIwaWQlM0QlMjJwYWdlTmFtZSUyMiUyMHZhbHVlJTNEJTIyNDIlMjIlMkYlM0UlMEElM0NpbnB1dCUyMHR5cGUlM0QlMjJoaWRkZW4lMjIlMjBpZCUzRCUyMmZyb21wYWdlTmFtZSUyMiUyMHZhbHVlJTNEJTIyMzUyJTIyJTJGJTNF[\/vc_raw_html][\/vc_column][\/vc_row]<\/p>\n","protected":false},"excerpt":{"rendered":"<p>[vc_row content_width=&#8221;full-desktop&#8221; el_class=&#8221;padd50&#8243; el_id=&#8221;visark1&#8243;][vc_column el_class=&#8221;lftdata1&#8243; width=&#8221;1\/4&#8243;][vc_column_text el_class=&#8221;digip1,visaty2&#8243;] Visa Types Visitor Visa Student Visa Work Visa Permanent Residency [\/vc_column_text][vc_column_text el_class=&#8221;digip1&#8243;] VFS Global Austria Find a center Biometric Appointments Additional Services Visa At Your Doorstep Chat Now Collect Your Passport Track an Application [\/vc_column_text][vc_column_text el_class=&#8221;digip1&#8243;] Quick Links Consulates in India FAQ&#8217;s Austria Shortage Occupation List [\/vc_column_text][vc_column_text el_class=&#8221;digip1&#8243;] [&hellip;]<\/p>\n","protected":false},"author":2,"featured_media":0,"parent":8681,"menu_order":0,"comment_status":"closed","ping_status":"closed","template":"","meta":{"_themeisle_gutenberg_block_has_review":false,"footnotes":""},"country":[42],"from_country":[352],"yoast_head":"<!-- This site is optimized with the Yoast SEO plugin v20.10 - https:\/\/yoast.com\/wordpress\/plugins\/seo\/ -->\n<title>Shortage Occupation List - VisaLiv<\/title>\n<meta name=\"robots\" content=\"noindex, follow\" \/>\n<meta property=\"og:locale\" content=\"en_US\" \/>\n<meta property=\"og:type\" content=\"article\" \/>\n<meta property=\"og:title\" content=\"Shortage Occupation List - VisaLiv\" \/>\n<meta property=\"og:description\" content=\"[vc_row content_width=&#8221;full-desktop&#8221; el_class=&#8221;padd50&#8243; el_id=&#8221;visark1&#8243;][vc_column el_class=&#8221;lftdata1&#8243; width=&#8221;1\/4&#8243;][vc_column_text el_class=&#8221;digip1,visaty2&#8243;] Visa Types Visitor Visa Student Visa Work Visa Permanent Residency [\/vc_column_text][vc_column_text el_class=&#8221;digip1&#8243;] VFS Global Austria Find a center Biometric Appointments Additional Services Visa At Your Doorstep Chat Now Collect Your Passport Track an Application [\/vc_column_text][vc_column_text el_class=&#8221;digip1&#8243;] Quick Links Consulates in India FAQ&#8217;s Austria Shortage Occupation List [\/vc_column_text][vc_column_text el_class=&#8221;digip1&#8243;] [&hellip;]\" \/>\n<meta property=\"og:url\" content=\"https:\/\/visaliv.com\/blogs\/austria\/shortage-occupation-list\/\" \/>\n<meta property=\"og:site_name\" content=\"VisaLiv\" \/>\n<meta property=\"article:modified_time\" content=\"2024-04-01T08:56:39+00:00\" \/>\n<meta name=\"twitter:card\" content=\"summary_large_image\" \/>\n<meta name=\"twitter:label1\" content=\"Est. reading time\" \/>\n\t<meta name=\"twitter:data1\" content=\"5 minutes\" \/>\n<script type=\"application\/ld+json\" class=\"yoast-schema-graph\">{\"@context\":\"https:\/\/schema.org\",\"@graph\":[{\"@type\":\"WebPage\",\"@id\":\"https:\/\/visaliv.com\/blogs\/austria\/shortage-occupation-list\/\",\"url\":\"https:\/\/visaliv.com\/blogs\/austria\/shortage-occupation-list\/\",\"name\":\"Shortage Occupation List - VisaLiv\",\"isPartOf\":{\"@id\":\"https:\/\/visaliv.com\/blogs\/#website\"},\"datePublished\":\"2024-01-11T11:41:24+00:00\",\"dateModified\":\"2024-04-01T08:56:39+00:00\",\"breadcrumb\":{\"@id\":\"https:\/\/visaliv.com\/blogs\/austria\/shortage-occupation-list\/#breadcrumb\"},\"inLanguage\":\"en-US\",\"potentialAction\":[{\"@type\":\"ReadAction\",\"target\":[\"https:\/\/visaliv.com\/blogs\/austria\/shortage-occupation-list\/\"]}]},{\"@type\":\"BreadcrumbList\",\"@id\":\"https:\/\/visaliv.com\/blogs\/austria\/shortage-occupation-list\/#breadcrumb\",\"itemListElement\":[{\"@type\":\"ListItem\",\"position\":1,\"name\":\"Home\",\"item\":\"https:\/\/visaliv.com\/blogs\/\"},{\"@type\":\"ListItem\",\"position\":2,\"name\":\"Austria\",\"item\":\"https:\/\/visaliv.com\/blogs\/austria\/\"},{\"@type\":\"ListItem\",\"position\":3,\"name\":\"Shortage Occupation List\"}]},{\"@type\":\"WebSite\",\"@id\":\"https:\/\/visaliv.com\/blogs\/#website\",\"url\":\"https:\/\/visaliv.com\/blogs\/\",\"name\":\"VisaLiv\",\"description\":\"\",\"potentialAction\":[{\"@type\":\"SearchAction\",\"target\":{\"@type\":\"EntryPoint\",\"urlTemplate\":\"https:\/\/visaliv.com\/blogs\/?s={search_term_string}\"},\"query-input\":\"required name=search_term_string\"}],\"inLanguage\":\"en-US\"}]}<\/script>\n<!-- \/ Yoast SEO plugin. -->","yoast_head_json":{"title":"Shortage Occupation List - VisaLiv","robots":{"index":"noindex","follow":"follow"},"og_locale":"en_US","og_type":"article","og_title":"Shortage Occupation List - VisaLiv","og_description":"[vc_row content_width=&#8221;full-desktop&#8221; el_class=&#8221;padd50&#8243; el_id=&#8221;visark1&#8243;][vc_column el_class=&#8221;lftdata1&#8243; width=&#8221;1\/4&#8243;][vc_column_text el_class=&#8221;digip1,visaty2&#8243;] Visa Types Visitor Visa Student Visa Work Visa Permanent Residency [\/vc_column_text][vc_column_text el_class=&#8221;digip1&#8243;] VFS Global Austria Find a center Biometric Appointments Additional Services Visa At Your Doorstep Chat Now Collect Your Passport Track an Application [\/vc_column_text][vc_column_text el_class=&#8221;digip1&#8243;] Quick Links Consulates in India FAQ&#8217;s Austria Shortage Occupation List [\/vc_column_text][vc_column_text el_class=&#8221;digip1&#8243;] [&hellip;]","og_url":"https:\/\/visaliv.com\/blogs\/austria\/shortage-occupation-list\/","og_site_name":"VisaLiv","article_modified_time":"2024-04-01T08:56:39+00:00","twitter_card":"summary_large_image","twitter_misc":{"Est. reading time":"5 minutes"},"schema":{"@context":"https:\/\/schema.org","@graph":[{"@type":"WebPage","@id":"https:\/\/visaliv.com\/blogs\/austria\/shortage-occupation-list\/","url":"https:\/\/visaliv.com\/blogs\/austria\/shortage-occupation-list\/","name":"Shortage Occupation List - VisaLiv","isPartOf":{"@id":"https:\/\/visaliv.com\/blogs\/#website"},"datePublished":"2024-01-11T11:41:24+00:00","dateModified":"2024-04-01T08:56:39+00:00","breadcrumb":{"@id":"https:\/\/visaliv.com\/blogs\/austria\/shortage-occupation-list\/#breadcrumb"},"inLanguage":"en-US","potentialAction":[{"@type":"ReadAction","target":["https:\/\/visaliv.com\/blogs\/austria\/shortage-occupation-list\/"]}]},{"@type":"BreadcrumbList","@id":"https:\/\/visaliv.com\/blogs\/austria\/shortage-occupation-list\/#breadcrumb","itemListElement":[{"@type":"ListItem","position":1,"name":"Home","item":"https:\/\/visaliv.com\/blogs\/"},{"@type":"ListItem","position":2,"name":"Austria","item":"https:\/\/visaliv.com\/blogs\/austria\/"},{"@type":"ListItem","position":3,"name":"Shortage Occupation List"}]},{"@type":"WebSite","@id":"https:\/\/visaliv.com\/blogs\/#website","url":"https:\/\/visaliv.com\/blogs\/","name":"VisaLiv","description":"","potentialAction":[{"@type":"SearchAction","target":{"@type":"EntryPoint","urlTemplate":"https:\/\/visaliv.com\/blogs\/?s={search_term_string}"},"query-input":"required name=search_term_string"}],"inLanguage":"en-US"}]}},"_links":{"self":[{"href":"https:\/\/blogs.visaliv.com\/blogs\/wp-json\/wp\/v2\/pages\/27085"}],"collection":[{"href":"https:\/\/blogs.visaliv.com\/blogs\/wp-json\/wp\/v2\/pages"}],"about":[{"href":"https:\/\/blogs.visaliv.com\/blogs\/wp-json\/wp\/v2\/types\/page"}],"author":[{"embeddable":true,"href":"https:\/\/blogs.visaliv.com\/blogs\/wp-json\/wp\/v2\/users\/2"}],"replies":[{"embeddable":true,"href":"https:\/\/blogs.visaliv.com\/blogs\/wp-json\/wp\/v2\/comments?post=27085"}],"version-history":[{"count":6,"href":"https:\/\/blogs.visaliv.com\/blogs\/wp-json\/wp\/v2\/pages\/27085\/revisions"}],"predecessor-version":[{"id":37294,"href":"https:\/\/blogs.visaliv.com\/blogs\/wp-json\/wp\/v2\/pages\/27085\/revisions\/37294"}],"up":[{"embeddable":true,"href":"https:\/\/blogs.visaliv.com\/blogs\/wp-json\/wp\/v2\/pages\/8681"}],"wp:attachment":[{"href":"https:\/\/blogs.visaliv.com\/blogs\/wp-json\/wp\/v2\/media?parent=27085"}],"wp:term":[{"taxonomy":"country","embeddable":true,"href":"https:\/\/blogs.visaliv.com\/blogs\/wp-json\/wp\/v2\/country?post=27085"},{"taxonomy":"from_country","embeddable":true,"href":"https:\/\/blogs.visaliv.com\/blogs\/wp-json\/wp\/v2\/from_country?post=27085"}],"curies":[{"name":"wp","href":"https:\/\/api.w.org\/{rel}","templated":true}]}}