{"id":1616,"date":"2023-05-02T09:20:41","date_gmt":"2023-05-02T09:20:41","guid":{"rendered":"https:\/\/blogs.visaliv.com\/?page_id=1616"},"modified":"2024-04-05T04:59:53","modified_gmt":"2024-04-05T04:59:53","slug":"consulates-in-india","status":"publish","type":"page","link":"https:\/\/visaliv.com\/blogs\/france\/consulates-in-india\/","title":{"rendered":"Consulates in India"},"content":{"rendered":"<p>[vc_row content_width=&#8221;full-desktop&#8221; el_class=&#8221;padd50&#8243; el_id=&#8221;visark1&#8243;][vc_column el_class=&#8221;lftdata1&#8243; width=&#8221;1\/4&#8243;][vc_column_text el_class=&#8221;digip1,visaty2&#8243;]<\/p>\n<h4>Visa Types<\/h4>\n<ul>\n<li><a href=\"https:\/\/blogs.visaliv.com\/france\/visitor-visa\/\">Visitor Visa <\/a><\/li>\n<li><a href=\"https:\/\/blogs.visaliv.com\/france\/student-visa\/\">Student Visa<\/a><\/li>\n<li><a href=\"https:\/\/blogs.visaliv.com\/france\/work-visa\/\">Work Visa<\/a><\/li>\n<li><a href=\"https:\/\/blogs.visaliv.com\/france\/permanent-residency-visa\/\">Permanent Residency<\/a><\/li>\n<\/ul>\n<p>[\/vc_column_text][vc_column_text el_class=&#8221;digip1&#8243;]<\/p>\n<h4>VFS Global France<\/h4>\n<ul>\n<li><a href=\"https:\/\/blogs.visaliv.com\/france\/find-a-centre\/\">Find a center<\/a><\/li>\n<li><a href=\"https:\/\/blogs.visaliv.com\/france\/biometric-appointments\/\">Biometric Appointments<\/a><\/li>\n<li><a href=\"https:\/\/blogs.visaliv.com\/france\/additional-services\/\">Additional Services<\/a><\/li>\n<li><a href=\"https:\/\/blogs.visaliv.com\/france\/chat-now\/\">Chat Now<\/a><\/li>\n<li><a href=\"https:\/\/blogs.visaliv.com\/france\/collect-your-passport\/\">Collect Your Passport<\/a><\/li>\n<li><a href=\"https:\/\/blogs.visaliv.com\/france\/track-your-application\/\">Track Your Application<\/a><\/li>\n<\/ul>\n<p>[\/vc_column_text][vc_column_text el_class=&#8221;digip1&#8243;]<\/p>\n<h4>Quick Links<\/h4>\n<ul>\n<li class=\"active\"><a href=\"https:\/\/blogs.visaliv.com\/france\/consulates-in-india\/\">Consulates in India<\/a><\/li>\n<li><a href=\"https:\/\/blogs.visaliv.com\/france\/faqs-france\/\">FAQ&#8217;s France<\/a><\/li>\n<li><a href=\"https:\/\/blogs.visaliv.com\/france\/shortage-occupation-list\/\">Shortage Occupation List <span style=\"font-size: 12px;\">(Updated on 20 October 2016)<\/span><\/a><\/li>\n<\/ul>\n<p>[\/vc_column_text][vc_column_text el_class=&#8221;digip1&#8243;]<\/p>\n<h4>Important Links<br \/>\n<span style=\"font-size: 12px;\">(Ministry of External Affairs, India)<\/span><\/h4>\n<ul>\n<li><a href=\"https:\/\/blogs.visaliv.com\/france\/online-indian-visa\/\">Online Indian Visa<\/a><\/li>\n<li><a href=\"https:\/\/blogs.visaliv.com\/france\/diplomatic-offical-visa-india\/\">Diplomatic Official Visa<br \/>\n(India)<\/a><\/li>\n<li><a href=\"https:\/\/blogs.visaliv.com\/france\/e-visa-india\/\">E-Visa (India)<\/a><\/li>\n<li><a href=\"https:\/\/blogs.visaliv.com\/france\/verify-foreign-visa-permit-cdcs\/\">Verify Foreign<br \/>\nVisa\/Permit\/CDCs<\/a><\/li>\n<li><a href=\"https:\/\/blogs.visaliv.com\/france\/visa-free-visa-on-arrival\/\">Visa Free\/Visa on Arrival<\/a><\/li>\n<\/ul>\n<p>[\/vc_column_text][vc_column_text el_class=&#8221;digip1&#8243;]<\/p>\n<h4>Tourist Place<\/h4>\n<ul>\n<li><a href=\"https:\/\/blogs.visaliv.com\/france\/france-tourist-places\/\">France Tourist Places<\/a><\/li>\n<\/ul>\n<p>[\/vc_column_text][vc_tta_accordion title_tag=&#8221;h4&#8243; active_section=&#8221;0&#8243; el_class=&#8221;visaturt22&#8243; no_fill=&#8221;true&#8221; collapsible_all=&#8221;true&#8221; title=&#8221;Video Tutorials&#8221;][vc_tta_section title=&#8221;Video Tutorials in English&#8221; tab_id=&#8221;1679568362973-7a967649-58ae&#8221;][vc_row_inner][vc_column_inner][vc_column_text]<\/p>\n<ul>\n<li><a href=\"https:\/\/www.youtube.com\/watch?v=vJCvxQ2psFk\" target=\"_blank\" rel=\"noopener\">Introduction VisaLiv <\/a><\/li>\n<\/ul>\n<p>[\/vc_column_text][\/vc_column_inner][\/vc_row_inner][\/vc_tta_section][vc_tta_section title=&#8221;Video Tutorials in Hindi&#8221; tab_id=&#8221;1679568438189-3477c5e4-c685&#8243;][vc_row_inner][vc_column_inner][vc_column_text]<\/p>\n<ul>\n<li><a href=\"https:\/\/www.youtube.com\/watch?v=bI6vl3z9TyQ\" target=\"_blank\" rel=\"noopener\">Introduction VisaLiv <\/a><\/li>\n<\/ul>\n<p>[\/vc_column_text][\/vc_column_inner][\/vc_row_inner][\/vc_tta_section][\/vc_tta_accordion][\/vc_column][vc_column el_class=&#8221;boxshadowrk1&#8243; width=&#8221;1\/2&#8243;][vc_row_inner el_class=&#8221;appointmenttxt1&#8243;][vc_column_inner][vc_column_text]<\/p>\n<h5 style=\"color: #040d83;\">Consulates in India<\/h5>\n<p>&nbsp;<\/p>\n<p><strong>Consulat g\u00e9n\u00e9ral de France \u00e0 Bangalore<\/strong><br \/>\n21 Palace Road<br \/>\nVasanthanagar Bengaluru &#8211; 560 052<br \/>\nTel: <a href=\"http:\/\/tel;(080) 22 14 12 00\">(080) 22 14 12 00<\/a><br \/>\nFax: (080) 22 14 12 01<br \/>\nWebsite: <a href=\"http:\/\/www.ambafrance-in.org\/-Consulate-in-Bangalore-\" target=\"_blank\" rel=\"noopener\">http:\/\/www.ambafrance-in.org\/-Consulate-in-Bangalore<\/a>&#8211;<br \/>\nArea: Karnataka, Andhra Pradesh and Telangana<\/p>\n<p><strong>Consulat g\u00e9n\u00e9ral de France \u00e0 Bombay<\/strong><br \/>\nWockhardt Towers, East Wing, 5th floor<br \/>\nBandra Kurla Complex, Bandra East, Mumbai &#8211; 400 051<br \/>\nTel: (022) 66 69 40 00,<br \/>\nFax: (022) 66 69 40 66<br \/>\nWebsite: <a href=\"http:\/\/www.ambafrance-in.org\/-Consulate-in-Bombay-\" target=\"_blank\" rel=\"noopener\">http:\/\/www.ambafrance-in.org\/-Consulate-in-Bombay-<\/a><br \/>\nArea: Goa, Gujarat, Madhya Pradesh, Chhattisgarh, Maharashtra, UT of Dadra and Nagar Haveli, Daman and Diu.<\/p>\n<p><strong>Consulat g\u00e9n\u00e9ral de France \u00e0 Calcutta<\/strong><br \/>\n21 C, Raja Santosh Road<br \/>\nAlipore Kolkata &#8211; 700 027<br \/>\nTel: <a href=\"tel:+91(33) 40 16 32 00\">+91(33) 40 16 32 00<\/a><br \/>\nFax: +91(33) 40 16 32 01<br \/>\nWebsite:<a href=\"\/www.ambafrance-in.org\/-Calcutta,952-\" target=\"_blank\" rel=\"noopener\"> http:\/\/www.ambafrance-in.org\/-Calcutta,952-<\/a><br \/>\nArea: West Bengal, Bihar, Jharkhand, Odisha, Sikkim, Assam, Manipur, Tripura, Nagaland, Mizoram, Meghalaya and Arunachal Pradesh \u2013 also competent for the Kingdom of Bhutan.<\/p>\n<p><strong>Consulat g\u00e9n\u00e9ral de France \u00e0 Pondich\u00e9ry<\/strong><br \/>\n2 rue de la marine<br \/>\nPuducherry &#8211; 605001<br \/>\nTel: <a href=\"tel:(0413) 223 10 00\">(0413) 223 10 00<\/a><br \/>\nFax: (0413) 223 10 01<br \/>\nEmail: <a href=\"mailto:visas@consulfrance-pondichery.org\">visas@consulfrance-pondichery.org<\/a><br \/>\nWebsite<a href=\"http:\/\/www.ambafrance-in.org\/-Consulate-in-Pondichery-\" target=\"_blank\" rel=\"noopener\">: http:\/\/www.ambafrance-in.org\/-Consulate-in-Pondichery<\/a>&#8211;<br \/>\nArea: Kerala, Tamil Nadu, UT of Puducherry (Puducherry, Karial, Mahe and Yanaon), Lakshadweep, Andaman and Nicobar Islands.<\/p>\n<p><strong>French Embassy &#8211; Consular Section New Delhi<\/strong><br \/>\n<strong>Andr\u00e9 Malraux Marg, 2\/50 E Shantipath, Chanakyapuri<\/strong><br \/>\nNew Delhi 110021<br \/>\nTel: <a href=\"tel:(0413) 223 10 00\">(011) 4319 6100<\/a><br \/>\nFax: (011) 4319 6119<br \/>\nWebsite:<a href=\"https:\/\/in.ambafrance.org\/\" target=\"_blank\" rel=\"noopener\"> webmaster@ambafrance-in.org<\/a><br \/>\nThe French Embassy has a consular section responsible for north-western India (Chandigarh, Delhi, Haryana, Himachal Pradesh, Jammu and Kashmir, Ladakh, Punjab, Rajasthan, Uttar Pradesh, Uttarakhand), and the Federal Democratic Republic of Nepal.<\/p>\n<p>[\/vc_column_text][\/vc_column_inner][\/vc_row_inner][\/vc_column][vc_column el_class=&#8221;visarighq1&#8243; width=&#8221;1\/4&#8243;][vc_tta_accordion title_tag=&#8221;h4&#8243; active_section=&#8221;1&#8243; el_class=&#8221;vidri33&#8243; title=&#8221;Video Tutorials&#8221;][vc_tta_section title=&#8221;In English&#8221; tab_id=&#8221;1680777647640-37d3345e-e755&#8243;][vc_video link=&#8221;https:\/\/www.youtube.com\/watch?v=vJCvxQ2psFk&#8221;][\/vc_tta_section][vc_tta_section title=&#8221;In Hindi&#8221; tab_id=&#8221;1680777675656-ba0dd7b1-da83&#8243;][vc_video link=&#8221;https:\/\/www.youtube.com\/watch?v=bI6vl3z9TyQ&#8221;][\/vc_tta_section][\/vc_tta_accordion][vc_row_inner el_class=&#8221;visarh22&#8243;][vc_column_inner][vc_column_text el_class=&#8221;visanews1&#8243;]<\/p>\n<h4>Latest News<\/h4>\n<p>[\/vc_column_text][gsf_posts post_layout=&#8221;list&#8221; category=&#8221;news&#8221; posts_per_page=&#8221;4&#8243; post_paging=&#8221;none&#8221; post_animation=&#8221;&#8221; ids=&#8221;&#8221;][\/vc_column_inner][\/vc_row_inner][\/vc_column][\/vc_row][vc_row][vc_column][vc_raw_html el_class=&#8221;&#8221;]JTNDaW5wdXQlMjB0eXBlJTNEJTIyaGlkZGVuJTIyJTIwaWQlM0QlMjJwYWdlTmFtZSUyMiUyMHZhbHVlJTNEJTIyMTYlMjIlMkYlM0UlMEElM0NpbnB1dCUyMHR5cGUlM0QlMjJoaWRkZW4lMjIlMjBpZCUzRCUyMmZyb21wYWdlTmFtZSUyMiUyMHZhbHVlJTNEJTIyMzUyJTIyJTJGJTNF[\/vc_raw_html][\/vc_column][\/vc_row]<\/p>\n","protected":false},"excerpt":{"rendered":"<p>[vc_row content_width=&#8221;full-desktop&#8221; el_class=&#8221;padd50&#8243; el_id=&#8221;visark1&#8243;][vc_column el_class=&#8221;lftdata1&#8243; width=&#8221;1\/4&#8243;][vc_column_text el_class=&#8221;digip1,visaty2&#8243;] Visa Types Visitor Visa Student Visa Work Visa Permanent Residency [\/vc_column_text][vc_column_text el_class=&#8221;digip1&#8243;] VFS Global France Find a center Biometric Appointments Additional Services Chat Now Collect Your Passport Track Your Application [\/vc_column_text][vc_column_text el_class=&#8221;digip1&#8243;] Quick Links Consulates in India FAQ&#8217;s France Shortage Occupation List (Updated on 20 October 2016) [\/vc_column_text][vc_column_text [&hellip;]<\/p>\n","protected":false},"author":2,"featured_media":0,"parent":1533,"menu_order":0,"comment_status":"closed","ping_status":"closed","template":"","meta":{"_themeisle_gutenberg_block_has_review":false,"footnotes":""},"country":[16],"from_country":[352],"yoast_head":"<!-- This site is optimized with the Yoast SEO plugin v20.10 - https:\/\/yoast.com\/wordpress\/plugins\/seo\/ -->\n<title>Consulates in India - VisaLiv<\/title>\n<meta name=\"robots\" content=\"noindex, follow\" \/>\n<meta property=\"og:locale\" content=\"en_US\" \/>\n<meta property=\"og:type\" content=\"article\" \/>\n<meta property=\"og:title\" content=\"Consulates in India - VisaLiv\" \/>\n<meta property=\"og:description\" content=\"[vc_row content_width=&#8221;full-desktop&#8221; el_class=&#8221;padd50&#8243; el_id=&#8221;visark1&#8243;][vc_column el_class=&#8221;lftdata1&#8243; width=&#8221;1\/4&#8243;][vc_column_text el_class=&#8221;digip1,visaty2&#8243;] Visa Types Visitor Visa Student Visa Work Visa Permanent Residency [\/vc_column_text][vc_column_text el_class=&#8221;digip1&#8243;] VFS Global France Find a center Biometric Appointments Additional Services Chat Now Collect Your Passport Track Your Application [\/vc_column_text][vc_column_text el_class=&#8221;digip1&#8243;] Quick Links Consulates in India FAQ&#8217;s France Shortage Occupation List (Updated on 20 October 2016) [\/vc_column_text][vc_column_text [&hellip;]\" \/>\n<meta property=\"og:url\" content=\"https:\/\/visaliv.com\/blogs\/france\/consulates-in-india\/\" \/>\n<meta property=\"og:site_name\" content=\"VisaLiv\" \/>\n<meta property=\"article:modified_time\" content=\"2024-04-05T04:59:53+00:00\" \/>\n<meta name=\"twitter:card\" content=\"summary_large_image\" \/>\n<meta name=\"twitter:label1\" content=\"Est. reading time\" \/>\n\t<meta name=\"twitter:data1\" content=\"2 minutes\" \/>\n<script type=\"application\/ld+json\" class=\"yoast-schema-graph\">{\"@context\":\"https:\/\/schema.org\",\"@graph\":[{\"@type\":\"WebPage\",\"@id\":\"https:\/\/visaliv.com\/blogs\/france\/consulates-in-india\/\",\"url\":\"https:\/\/visaliv.com\/blogs\/france\/consulates-in-india\/\",\"name\":\"Consulates in India - VisaLiv\",\"isPartOf\":{\"@id\":\"https:\/\/visaliv.com\/blogs\/#website\"},\"datePublished\":\"2023-05-02T09:20:41+00:00\",\"dateModified\":\"2024-04-05T04:59:53+00:00\",\"breadcrumb\":{\"@id\":\"https:\/\/visaliv.com\/blogs\/france\/consulates-in-india\/#breadcrumb\"},\"inLanguage\":\"en-US\",\"potentialAction\":[{\"@type\":\"ReadAction\",\"target\":[\"https:\/\/visaliv.com\/blogs\/france\/consulates-in-india\/\"]}]},{\"@type\":\"BreadcrumbList\",\"@id\":\"https:\/\/visaliv.com\/blogs\/france\/consulates-in-india\/#breadcrumb\",\"itemListElement\":[{\"@type\":\"ListItem\",\"position\":1,\"name\":\"Home\",\"item\":\"https:\/\/visaliv.com\/blogs\/\"},{\"@type\":\"ListItem\",\"position\":2,\"name\":\"France\",\"item\":\"https:\/\/visaliv.com\/blogs\/france\/\"},{\"@type\":\"ListItem\",\"position\":3,\"name\":\"Consulates in India\"}]},{\"@type\":\"WebSite\",\"@id\":\"https:\/\/visaliv.com\/blogs\/#website\",\"url\":\"https:\/\/visaliv.com\/blogs\/\",\"name\":\"VisaLiv\",\"description\":\"\",\"potentialAction\":[{\"@type\":\"SearchAction\",\"target\":{\"@type\":\"EntryPoint\",\"urlTemplate\":\"https:\/\/visaliv.com\/blogs\/?s={search_term_string}\"},\"query-input\":\"required name=search_term_string\"}],\"inLanguage\":\"en-US\"}]}<\/script>\n<!-- \/ Yoast SEO plugin. -->","yoast_head_json":{"title":"Consulates in India - VisaLiv","robots":{"index":"noindex","follow":"follow"},"og_locale":"en_US","og_type":"article","og_title":"Consulates in India - VisaLiv","og_description":"[vc_row content_width=&#8221;full-desktop&#8221; el_class=&#8221;padd50&#8243; el_id=&#8221;visark1&#8243;][vc_column el_class=&#8221;lftdata1&#8243; width=&#8221;1\/4&#8243;][vc_column_text el_class=&#8221;digip1,visaty2&#8243;] Visa Types Visitor Visa Student Visa Work Visa Permanent Residency [\/vc_column_text][vc_column_text el_class=&#8221;digip1&#8243;] VFS Global France Find a center Biometric Appointments Additional Services Chat Now Collect Your Passport Track Your Application [\/vc_column_text][vc_column_text el_class=&#8221;digip1&#8243;] Quick Links Consulates in India FAQ&#8217;s France Shortage Occupation List (Updated on 20 October 2016) [\/vc_column_text][vc_column_text [&hellip;]","og_url":"https:\/\/visaliv.com\/blogs\/france\/consulates-in-india\/","og_site_name":"VisaLiv","article_modified_time":"2024-04-05T04:59:53+00:00","twitter_card":"summary_large_image","twitter_misc":{"Est. reading time":"2 minutes"},"schema":{"@context":"https:\/\/schema.org","@graph":[{"@type":"WebPage","@id":"https:\/\/visaliv.com\/blogs\/france\/consulates-in-india\/","url":"https:\/\/visaliv.com\/blogs\/france\/consulates-in-india\/","name":"Consulates in India - VisaLiv","isPartOf":{"@id":"https:\/\/visaliv.com\/blogs\/#website"},"datePublished":"2023-05-02T09:20:41+00:00","dateModified":"2024-04-05T04:59:53+00:00","breadcrumb":{"@id":"https:\/\/visaliv.com\/blogs\/france\/consulates-in-india\/#breadcrumb"},"inLanguage":"en-US","potentialAction":[{"@type":"ReadAction","target":["https:\/\/visaliv.com\/blogs\/france\/consulates-in-india\/"]}]},{"@type":"BreadcrumbList","@id":"https:\/\/visaliv.com\/blogs\/france\/consulates-in-india\/#breadcrumb","itemListElement":[{"@type":"ListItem","position":1,"name":"Home","item":"https:\/\/visaliv.com\/blogs\/"},{"@type":"ListItem","position":2,"name":"France","item":"https:\/\/visaliv.com\/blogs\/france\/"},{"@type":"ListItem","position":3,"name":"Consulates in India"}]},{"@type":"WebSite","@id":"https:\/\/visaliv.com\/blogs\/#website","url":"https:\/\/visaliv.com\/blogs\/","name":"VisaLiv","description":"","potentialAction":[{"@type":"SearchAction","target":{"@type":"EntryPoint","urlTemplate":"https:\/\/visaliv.com\/blogs\/?s={search_term_string}"},"query-input":"required name=search_term_string"}],"inLanguage":"en-US"}]}},"_links":{"self":[{"href":"https:\/\/blogs.visaliv.com\/blogs\/wp-json\/wp\/v2\/pages\/1616"}],"collection":[{"href":"https:\/\/blogs.visaliv.com\/blogs\/wp-json\/wp\/v2\/pages"}],"about":[{"href":"https:\/\/blogs.visaliv.com\/blogs\/wp-json\/wp\/v2\/types\/page"}],"author":[{"embeddable":true,"href":"https:\/\/blogs.visaliv.com\/blogs\/wp-json\/wp\/v2\/users\/2"}],"replies":[{"embeddable":true,"href":"https:\/\/blogs.visaliv.com\/blogs\/wp-json\/wp\/v2\/comments?post=1616"}],"version-history":[{"count":25,"href":"https:\/\/blogs.visaliv.com\/blogs\/wp-json\/wp\/v2\/pages\/1616\/revisions"}],"predecessor-version":[{"id":37941,"href":"https:\/\/blogs.visaliv.com\/blogs\/wp-json\/wp\/v2\/pages\/1616\/revisions\/37941"}],"up":[{"embeddable":true,"href":"https:\/\/blogs.visaliv.com\/blogs\/wp-json\/wp\/v2\/pages\/1533"}],"wp:attachment":[{"href":"https:\/\/blogs.visaliv.com\/blogs\/wp-json\/wp\/v2\/media?parent=1616"}],"wp:term":[{"taxonomy":"country","embeddable":true,"href":"https:\/\/blogs.visaliv.com\/blogs\/wp-json\/wp\/v2\/country?post=1616"},{"taxonomy":"from_country","embeddable":true,"href":"https:\/\/blogs.visaliv.com\/blogs\/wp-json\/wp\/v2\/from_country?post=1616"}],"curies":[{"name":"wp","href":"https:\/\/api.w.org\/{rel}","templated":true}]}}